{"id":13431,"date":"2024-01-19T18:33:35","date_gmt":"2024-01-19T18:33:35","guid":{"rendered":"https:\/\/karczmahalit.pl\/?page_id=13431"},"modified":"2025-01-13T10:33:25","modified_gmt":"2025-01-13T10:33:25","slug":"feasts-for-groups","status":"publish","type":"page","link":"https:\/\/karczmahalit.pl\/index.php\/en\/feasts-for-groups\/","title":{"rendered":"Feasts for Groups"},"content":{"rendered":"\n<p>Join us and set off on an extraordinary culinary journey. The traditional recipes will let you go back in time &#8211; to Old Polish cuisine full of rich flavours and deep aromas. And since we are in Wieliczka&#8230; there must be no dishes without salt! We serve our &#8222;white gold&#8221; in an amount that is just right to be not only tasty but also healthy. <br>Karczma Halit &#8211; Kuchnia Wielicka recommends meat and fish roasted in salt as well as distinctive desserts in which sweetness is emphasised with a pinch of noble salty spice.<\/p>\n\n\n\n<div style=\"height:20px\" aria-hidden=\"true\" class=\"wp-block-spacer\"><\/div>\n\n\n\n\t<section id=\"section-gallery-mb-block-60cebd77-c382-4cd6-94c0-a58c817d30a5\" class=\"section section-gallery  \">\n\n\t\t<div class=\"gallery-wrap six\">\n\t\t\t\t\t<div class=\"gallery-images-masonry \">\n\n\t\t\t\t<div class=\"grid-sizer-gallery\"><\/div>\n\t\t\t\t\n\t\t\t\t\t\t<div class=\"gallery-image-wrap quarter uncropped\" data-aos=\"fade-up\" data-aos-delay=\"100\"  >\n\n\t\t\t\t\t\t\t<div class=\"gallery-image-wrap-inner\">\n\n\t\t\t\t\t\t\t\t\t\t\t\t\t\t\t\t\t<a href=\"https:\/\/karczmahalit.pl\/wp-content\/uploads\/2024\/01\/posiady2-800x1200.jpg\" class=\"links_to_image\" \">\n\t\t\t\t\t\t\t\t\t\t\t\t    \t\n\t\t\t\t\t\t\t\t\t<div class=\"gallery-image\" style=\"background-image: url(https:\/\/karczmahalit.pl\/wp-content\/uploads\/2024\/01\/posiady2-800x1200.jpg);\"><\/div>\n\n\t\t\t\t\t\t\t\t\t\n\t\t\t\t\t\t\t\t\t\t\t\t\t\t\t\t\t<\/a>\n\t\t\t\t\t\t\t\t\n\t\t\t\t\t\t\t<\/div>\n\t\t   \t \n\t\t\t\t\t\t<\/div>\n\t\t\t\t\t\t\n\t\t\t\t\n\t\t\t\n\t\t\t\t\t\t<div class=\"gallery-image-wrap half-width half-height\" data-aos=\"fade-up\" data-aos-delay=\"100\"  >\n\n\t\t\t\t\t\t\t<div class=\"gallery-image-wrap-inner\">\n\n\t\t\t\t\t\t\t\t\t\t\t\t\t\t\t\t\t<a href=\"https:\/\/karczmahalit.pl\/wp-content\/uploads\/2024\/01\/posiady3.jpg\" class=\"links_to_image\" \">\n\t\t\t\t\t\t\t\t\t\t\t\t    \t\n\t\t\t\t\t\t\t\t\t<div class=\"gallery-image\" style=\"background-image: url(https:\/\/karczmahalit.pl\/wp-content\/uploads\/2024\/01\/posiady3.jpg);\"><\/div>\n\n\t\t\t\t\t\t\t\t\t\n\t\t\t\t\t\t\t\t\t\t\t\t\t\t\t\t\t<\/a>\n\t\t\t\t\t\t\t\t\n\t\t\t\t\t\t\t<\/div>\n\t\t   \t \n\t\t\t\t\t\t<\/div>\n\t\t\t\t\t\t\n\t\t\t\t\n\t\t\t\n\t\t\t\t\t\t<div class=\"gallery-image-wrap quarter uncropped\" data-aos=\"fade-up\" data-aos-delay=\"100\"  >\n\n\t\t\t\t\t\t\t<div class=\"gallery-image-wrap-inner\">\n\n\t\t\t\t\t\t\t\t\t\t\t\t\t\t\t\t\t<a href=\"https:\/\/karczmahalit.pl\/wp-content\/uploads\/2024\/01\/posiady1-800x1200.jpg\" class=\"links_to_image\" \">\n\t\t\t\t\t\t\t\t\t\t\t\t    \t\n\t\t\t\t\t\t\t\t\t<div class=\"gallery-image\" style=\"background-image: url(https:\/\/karczmahalit.pl\/wp-content\/uploads\/2024\/01\/posiady1-800x1200.jpg);\"><\/div>\n\n\t\t\t\t\t\t\t\t\t\n\t\t\t\t\t\t\t\t\t\t\t\t\t\t\t\t\t<\/a>\n\t\t\t\t\t\t\t\t\n\t\t\t\t\t\t\t<\/div>\n\t\t   \t \n\t\t\t\t\t\t<\/div>\n\t\t\t\t\t\t\n\t\t\t\t\n\t\t\t\t\t\t<\/div>\n\t\t\t\t<\/div>\n\t<\/section> \n\n\n\n<div style=\"height:50px\" aria-hidden=\"true\" class=\"wp-block-spacer\"><\/div>\n\n\n\n<h3 class=\"wp-block-heading has-text-align-center\"><strong>Menu I<\/strong><\/h3>\n\n\n\n<p class=\"has-text-align-center\">Non-carbonated water included in the price<\/p>\n\n\n\n<p class=\"has-text-align-center\"><strong>Soups:<\/strong><strong><\/strong><\/p>\n\n\n\n<ul class=\"wp-block-list\">\n<li><strong>Rozsolanka<\/strong> (traditional broth with noodles)<\/li>\n\n\n\n<li><strong>\u017burek wielicki <\/strong>(old Polish sour rye soup with sausage &amp; egg)\u00a0<\/li>\n<\/ul>\n\n\n\n<p class=\"has-text-align-center\"><strong>PoSiady<\/strong><strong> Wielickie<\/strong> \/ <strong>Main courses<\/strong><strong>:<\/strong><\/p>\n\n\n\n<ul class=\"wp-block-list\">\n<li><strong>Schaboszczak g\u00f3rniczy<\/strong> (Old Polish cutlet of pork, mashed potatoes &amp; raw vegetable salad)<\/li>\n\n\n\n<li><strong>Odrobina z kurnika<\/strong> (cutlet of chicken, mashed potatoes &amp; raw vegetable salad)<\/li>\n<\/ul>\n\n\n\n\t<div id=\"divider-mb-block-455a803b-e589-4294-9f7d-589859ed71b9\" class=\"divider-block divider-center divider-horizontal\"><\/div>\n\n\n\n\n<h3 class=\"wp-block-heading has-text-align-center\"><strong>Menu II<\/strong><\/h3>\n\n\n\n<p class=\"has-text-align-center\">Non-carbonated water included in the price<\/p>\n\n\n\n<p class=\"has-text-align-center\"><strong>Drinks:<\/strong><strong><\/strong><\/p>\n\n\n\n<ul class=\"wp-block-list\">\n<li>Black \/ white coffee or tea &#8211; buffet<\/li>\n<\/ul>\n\n\n\n<p class=\"has-text-align-center\"><strong>Soups:<\/strong><strong><\/strong><\/p>\n\n\n\n<ul class=\"wp-block-list\">\n<li><strong>Rozsolanka<\/strong> (traditional broth with noodles)<\/li>\n\n\n\n<li><strong>\u017burek wielicki <\/strong>(old Polish sour rye soup with sausage &amp; egg, served with bread)\u00a0<\/li>\n\n\n\n<li><strong>Rubin g\u00f3rnika<\/strong> (red borscht with &#8222;uszka\u201d dumplings)<\/li>\n<\/ul>\n\n\n\n<p class=\"has-text-align-center\"><strong>PoSiady<\/strong><strong> Wielickie<\/strong> \/ <strong>Main courses<\/strong><strong>:<\/strong><\/p>\n\n\n\n<ul class=\"wp-block-list\">\n<li><strong>Micha sztygara<\/strong> (mix of dupmlings 12 pcs)<\/li>\n\n\n\n<li><strong>Schaboszczak g\u00f3rniczy<\/strong> (old Polish cutlet of pork, mashed potatoes and raw vegetable salad)<\/li>\n\n\n\n<li><strong>Odrobina z kurnika<\/strong> \/ <strong>A bit from the henhouse<\/strong> (cutlet of chicken, mashed potatoes &amp; raw vegetable salad)<\/li>\n\n\n\n<li><strong>Go\u0142\u0119bice wielickie<\/strong> (cabbage stuffed with meat &amp; rice, served with mushroom sauce)<\/li>\n<\/ul>\n\n\n\n<p class=\"has-text-align-center\"><strong>Sweets \/ Desserts:<\/strong><strong><\/strong><\/p>\n\n\n\n<ul class=\"wp-block-list\">\n<li><strong>Deser sztygara<\/strong> (Wieliczka style apple cake or apples in grated pastry)<\/li>\n<\/ul>\n\n\n\n\t<div id=\"divider-mb-block-2688459a-dad7-407a-8e3d-d2933e14c228\" class=\"divider-block divider-center divider-horizontal\"><\/div>\n\n\n\n\n<h3 class=\"wp-block-heading has-text-align-center\"><strong>Menu III <\/strong><\/h3>\n\n\n\n<p class=\"has-text-align-center\">Non-carbonated water included in the price<\/p>\n\n\n\n<p class=\"has-text-align-center\"><strong>Drinks:<\/strong><strong><\/strong><\/p>\n\n\n\n<ul class=\"wp-block-list\">\n<li>Black \/ white coffee or tea &#8211; buffet<\/li>\n<\/ul>\n\n\n\n<p class=\"has-text-align-center\"><strong>Soups:<\/strong><strong><\/strong><\/p>\n\n\n\n<ul class=\"wp-block-list\">\n<li><strong>Rozsolanka<\/strong> (traditional broth with noodles)<\/li>\n\n\n\n<li><strong>Polewka grzybowa<\/strong> (mushroom soup in a bread bowl with coarse salt)<\/li>\n\n\n\n<li><strong>Polewka piwna<\/strong> (soup served with smoked cottage cheese and bacon)<\/li>\n\n\n\n<li><strong>\u017burek wielicki <\/strong>(old Polish sour rye soup with sausage &amp; egg, served with bread \/ in a bread bowl for an additional fee)\u00a0<\/li>\n<\/ul>\n\n\n\n<p class=\"has-text-align-center\"><strong>PoSiady Wielickie \/ Main courses:<\/strong><strong><\/strong><\/p>\n\n\n\n<ul class=\"wp-block-list\">\n<li><strong>Stek wielicki<\/strong> (pork neck marinated in brine, with roasted potatoes &amp; sauerkraut salad)<\/li>\n\n\n\n<li><strong>Schaboszczak g\u00f3rniczy<\/strong> (Old Polish cutlet of pork, mashed potatoes &amp; fried cabbage)<\/li>\n\n\n\n<li><strong>Kap\u0142onowa n\u00f3\u017cka \/ Capon leg<\/strong> (chicken leg served with roasted potato quarters and raw white cabbage salad with carrots, cream and mayonnaise)<\/li>\n\n\n\n<li><strong>G\u00f3rnicza sie\u0107<\/strong> <strong>\u00a0\/ Miner\u2019s net <\/strong>(fish in a crispy and salty cracker crust served with fries and a mix of lettuces)<\/li>\n<\/ul>\n\n\n\n<p class=\"has-text-align-center\"><strong>Sweets \/ Desserts:&nbsp;&nbsp;&nbsp;&nbsp;&nbsp;&nbsp;&nbsp;&nbsp;&nbsp;&nbsp;&nbsp;&nbsp;&nbsp;&nbsp;&nbsp;&nbsp; <\/strong><strong><\/strong><\/p>\n\n\n\n<ul class=\"wp-block-list\">\n<li><strong>Ice cream<\/strong> with fruit and whipped cream<\/li>\n\n\n\n<li><strong>Chocolate fondant<\/strong> with a scoop of ice cream<\/li>\n\n\n\n<li><strong>Deser \u015bw. Kingi<\/strong> \/ <strong>St. Kinga&#8217;s dessert <\/strong>(sweet copy of the queen&#8217;s ring eye on shortcake, with cream cheese, white chocolate, ruby gel and salt pecans)<\/li>\n\n\n\n<li><strong>Deser sztygara<\/strong> (Wieliczka style apple cake or apples in grated pastry)<\/li>\n<\/ul>\n\n\n\n\t<div id=\"divider-mb-block-4b47ff36-68c1-4ea6-8f5d-a830dbfb5f98\" class=\"divider-block divider-center divider-horizontal\"><\/div>\n\n\n\n\n<h3 class=\"wp-block-heading has-text-align-center\"><strong>Menu IV<\/strong><\/h3>\n\n\n\n<p class=\"has-text-align-center\">Non-carbonated water included in the price<br>Welcome with polish vodka<\/p>\n\n\n\n<p class=\"has-text-align-center\"><strong>Drinks:<\/strong><strong><\/strong><\/p>\n\n\n\n<ul class=\"wp-block-list\">\n<li>Black \/ white coffee or tea<\/li>\n\n\n\n<li>Glass of house wine white \/ red 100 ml or draught beer 0.3l<\/li>\n<\/ul>\n\n\n\n<p class=\"has-text-align-center\"><strong>Snacks \/ Appetisers: <\/strong><strong><\/strong><\/p>\n\n\n\n<ul class=\"wp-block-list\">\n<li><strong>Smalczyk wielicki<\/strong>\u00a0 \/ <strong>Wieliczka style lard<\/strong> (Wieliczka style lard rendered from pork fat and smoked meats with prunes served with a slice of bread baked on the spot and home-made pickled cucumber)<\/li>\n\n\n\n<li><strong>G\u00f3rnicze marki<\/strong> (smoked cheese from the grill with bacon and cranberries)<\/li>\n\n\n\n<li><strong>Pierogowe trojaczki<\/strong> (dumplings with various fillings)<\/li>\n\n\n\n<li><strong>Salad<\/strong> of fresh vegetables with roasted grains<\/li>\n<\/ul>\n\n\n\n<p class=\"has-text-align-center\"><strong>Soups:<\/strong><strong><\/strong><\/p>\n\n\n\n<ul class=\"wp-block-list\">\n<li><a><strong>Polewka grzybowa \/ Mushroom soup<\/strong><\/a> (mushroom soup in a bread bowl with coarse salt)<\/li>\n\n\n\n<li><strong>Rozsolanka<\/strong> (traditional broth with noodles)<\/li>\n\n\n\n<li><strong>Polewka ziemniaczana \/ Potato soup<\/strong> (potato cream soup on stock with bacon)<\/li>\n\n\n\n<li><strong>\u017burek wielicki <\/strong>(old Polish sour rye soup with sausage &amp; egg, served with bread \/ in a bread bowl for an additional fee)\u00a0<\/li>\n<\/ul>\n\n\n\n<p class=\"has-text-align-center\"><strong>PoSiady Wielickie \/ Main courses: <\/strong><strong><\/strong><\/p>\n\n\n\n<ul class=\"wp-block-list\">\n<li><strong>Kap\u0142on wielicki<\/strong>\u00a0 \/ <strong>Wieliczka style capon<\/strong> (chicken breast baked in salt with roasted potatoes &amp; Coleslaw salad)<\/li>\n\n\n\n<li><strong>Prosionka<\/strong> (smoked ham baked in salt with plum sauce, served with potato dumplings and raw red cabbage salad)<\/li>\n\n\n\n<li><strong>Maczanka wielicka<\/strong> (long roasted pork neck in its own sauce served on a pretzel)&nbsp;<\/li>\n\n\n\n<li><strong>Stek powro\u017anika<\/strong> (marinated neck of pork in brine, served with baked potato ducats and sauerkraut salad)&nbsp;&nbsp;&nbsp;&nbsp;&nbsp;&nbsp;&nbsp;&nbsp;<\/li>\n<\/ul>\n\n\n\n<p class=\"has-text-align-center\"><strong>Sweets \/ Desserts:<\/strong><strong><\/strong><\/p>\n\n\n\n<ul class=\"wp-block-list\">\n<li><a><strong>Deser \u015bw. Kingi<\/strong><\/a> \/ <strong>St. Kinga&#8217;s dessert <\/strong>(sweet copy of the queen&#8217;s ring eye on shortcake, with cream cheese, white chocolate, ruby gel and salt pecans)<\/li>\n\n\n\n<li><strong>Deser zmarzni\u0119tego sztygara<\/strong> <strong>\/ Chilled foreman&#8217;s dessert<\/strong> (ice cream with whipped cream and salted caramel)<\/li>\n\n\n\n<li><strong>Deser przodowego<\/strong> \/ <strong>Face foreman&#8217;s dessert<\/strong> (homemade apple pie made from apple slices baked in pastry)<\/li>\n\n\n\n<li><strong>Chocolate fondant<\/strong> with a scoop of ice cream<\/li>\n<\/ul>\n\n\n\n\t<div id=\"divider-mb-block-9a0e076f-d833-427f-a4f0-094ae8d825b0\" class=\"divider-block divider-center divider-horizontal\"><\/div>\n\n\n\n\n<h3 class=\"wp-block-heading has-text-align-center\">&nbsp;&nbsp;&nbsp;&nbsp;&nbsp;&nbsp;&nbsp;&nbsp;&nbsp;&nbsp;&nbsp;&nbsp;&nbsp;&nbsp;&nbsp;&nbsp;&nbsp;&nbsp;&nbsp;&nbsp;&nbsp;&nbsp;&nbsp;&nbsp;&nbsp;&nbsp;&nbsp;&nbsp;&nbsp;&nbsp;&nbsp;&nbsp;&nbsp;&nbsp;&nbsp;&nbsp;&nbsp;&nbsp;&nbsp; <strong>VEGAN \/ GLUTEN-FREE* PROPOSAL<\/strong><\/h3>\n\n\n\n<ul class=\"wp-block-list\">\n<li><strong>G\u00f3rniczy ogr\u00f3dek<\/strong> \/<strong> Miner&#8217;s garden<\/strong> (grilled vegetables with roasted )<\/li>\n\n\n\n<li><strong>Tomato soup<\/strong><\/li>\n\n\n\n<li><strong>Gryka g\u00f3rnika \/ Miner\u2019s buckwheat<\/strong> <a>(buckwheat groats combined with smoked soy cheese)<\/a><\/li>\n\n\n\n<li><strong>Woda po wielicku<\/strong>&nbsp; \/ <strong>Water served in the Wieliczka style<\/strong> (<a>frozen juice with fruit served with fresh mint<\/a>)<br><\/li>\n<\/ul>\n\n\n\n\t<div id=\"divider-mb-block-afef40ec-605f-4521-8b43-255258557186\" class=\"divider-block divider-center divider-horizontal\"><\/div>\n\n\n\n\n<p><strong><em>In line with our Wieliczka style hospitality &#8211; the pilot\u2019s meal is free of charge<\/em><\/strong><\/p>\n\n\n\n<p>If you are allergic to certain products, the chef will prepare dishes to your special order (to be priced on a individual basis).<\/p>\n\n\n\n<p>The final number of persons in the group must be provided no later than 48 hours before the booking date. This is the number of persons for which the Organiser covers the costs <a>if they do not attend.<\/a><\/p>\n\n\n\n<p>Prices are subject to change only in the event that price factor have changed beyond the control of the restaurant.<\/p>\n\n\n\n<h4 class=\"wp-block-heading has-text-align-center\">Additional recommendations included in the price to be agreed:<\/h4>\n\n\n\n<ul class=\"wp-block-list\">\n<li>waiting staff dressed in the costumes of the Karczma Halit &#8211; Kuchnia Wielicka (Halit Inn &#8211; Wieliczka Cuisine)<\/li>\n\n\n\n<li>an Old Polish welcome with bread, salt and a glass of vodka,<\/li>\n\n\n\n<li>live music that will not let you stay sitting&nbsp; behind the table for too long,<\/li>\n\n\n\n<li>a bit of folklore: a dance performance which will introduce you to the local traditions,<\/li>\n\n\n\n<li>a dumpling-making workshop &#8211; a delicious culinary challenge,<\/li>\n\n\n\n<li>a photo or film show on the big screen,<\/li>\n\n\n\n<li>a bartender show and open bar, or craftsmanship and its effects,<\/li>\n\n\n\n<li>entertainment for children &#8211; the youngest guests will be delighted!<\/li>\n\n\n\n<li>a sweet table full of irresistible temptations,<\/li>\n\n\n\n<li>a rustic table with local delicacies,<\/li>\n\n\n\n<li>additional decorations according to your ideas and wishes,<\/li>\n\n\n\n<li>other &#8211; available subject to the arrangement with the caterer.<\/li>\n<\/ul>\n\n\n\n<h4 class=\"wp-block-heading has-text-align-center\">Facilities. Karczma Halit &#8211; Kuchnia Wielicka:<\/h4>\n\n\n\n<ul class=\"wp-block-list\">\n<li>is adapted to the needs of disabled guests,<\/li>\n\n\n\n<li>It has a child feeding chair and a changing table, and it can also prepare a separate feeding area for mums and toddlers, with a comfortable armchair and a partition screen for comfort,<\/li>\n\n\n\n<li>it has a spacious parking lot with a space for the disabled,<\/li>\n\n\n\n<li>it is adjacent to the historic \u201cWieliczka\u201d Salt Mine. The Dani\u0142owicz tourist shaft is located across the street,<\/li>\n\n\n\n<li>right next to the picturesque John Paul II Avenue where you can take a walk to the beautiful St.&nbsp; Clement&#8217;s Church.<\/li>\n<\/ul>\n","protected":false},"excerpt":{"rendered":"Join us and set off on an extraordinary culinary journey. The traditional","protected":false},"author":1,"featured_media":13174,"parent":13429,"menu_order":0,"comment_status":"closed","ping_status":"closed","template":"","meta":{"footnotes":""},"class_list":["post-13431","page","type-page","status-publish","has-post-thumbnail","hentry"],"_links":{"self":[{"href":"https:\/\/karczmahalit.pl\/index.php\/wp-json\/wp\/v2\/pages\/13431","targetHints":{"allow":["GET"]}}],"collection":[{"href":"https:\/\/karczmahalit.pl\/index.php\/wp-json\/wp\/v2\/pages"}],"about":[{"href":"https:\/\/karczmahalit.pl\/index.php\/wp-json\/wp\/v2\/types\/page"}],"author":[{"embeddable":true,"href":"https:\/\/karczmahalit.pl\/index.php\/wp-json\/wp\/v2\/users\/1"}],"replies":[{"embeddable":true,"href":"https:\/\/karczmahalit.pl\/index.php\/wp-json\/wp\/v2\/comments?post=13431"}],"version-history":[{"count":8,"href":"https:\/\/karczmahalit.pl\/index.php\/wp-json\/wp\/v2\/pages\/13431\/revisions"}],"predecessor-version":[{"id":13674,"href":"https:\/\/karczmahalit.pl\/index.php\/wp-json\/wp\/v2\/pages\/13431\/revisions\/13674"}],"up":[{"embeddable":true,"href":"https:\/\/karczmahalit.pl\/index.php\/wp-json\/wp\/v2\/pages\/13429"}],"wp:featuredmedia":[{"embeddable":true,"href":"https:\/\/karczmahalit.pl\/index.php\/wp-json\/wp\/v2\/media\/13174"}],"wp:attachment":[{"href":"https:\/\/karczmahalit.pl\/index.php\/wp-json\/wp\/v2\/media?parent=13431"}],"curies":[{"name":"wp","href":"https:\/\/api.w.org\/{rel}","templated":true}]}}