{"id":13295,"date":"2023-12-30T11:40:18","date_gmt":"2023-12-30T11:40:18","guid":{"rendered":"https:\/\/karczmahalit.pl\/?page_id=13295"},"modified":"2024-01-19T18:18:56","modified_gmt":"2024-01-19T18:18:56","slug":"catering","status":"publish","type":"page","link":"https:\/\/karczmahalit.pl\/index.php\/karczma-halit\/catering\/","title":{"rendered":"Catering"},"content":{"rendered":"\n<p class=\"has-text-align-center\">W celu poznania szczeg\u00f3\u0142\u00f3w oferty prosimy o kontakt:<\/p>\n\n\n\n<p class=\"has-text-align-center\">tel. +48 664 751 829<br><a href=\"mailto:biuro@karczmahalit.pl\">biuro@karczmahalit.pl<\/a><\/p>\n","protected":false},"excerpt":{"rendered":"W celu poznania szczeg\u00f3\u0142\u00f3w oferty prosimy o kontakt: tel. +48 664 751","protected":false},"author":1,"featured_media":13171,"parent":2297,"menu_order":0,"comment_status":"closed","ping_status":"closed","template":"","meta":{"footnotes":""},"class_list":["post-13295","page","type-page","status-publish","has-post-thumbnail","hentry"],"_links":{"self":[{"href":"https:\/\/karczmahalit.pl\/index.php\/wp-json\/wp\/v2\/pages\/13295","targetHints":{"allow":["GET"]}}],"collection":[{"href":"https:\/\/karczmahalit.pl\/index.php\/wp-json\/wp\/v2\/pages"}],"about":[{"href":"https:\/\/karczmahalit.pl\/index.php\/wp-json\/wp\/v2\/types\/page"}],"author":[{"embeddable":true,"href":"https:\/\/karczmahalit.pl\/index.php\/wp-json\/wp\/v2\/users\/1"}],"replies":[{"embeddable":true,"href":"https:\/\/karczmahalit.pl\/index.php\/wp-json\/wp\/v2\/comments?post=13295"}],"version-history":[{"count":3,"href":"https:\/\/karczmahalit.pl\/index.php\/wp-json\/wp\/v2\/pages\/13295\/revisions"}],"predecessor-version":[{"id":13317,"href":"https:\/\/karczmahalit.pl\/index.php\/wp-json\/wp\/v2\/pages\/13295\/revisions\/13317"}],"up":[{"embeddable":true,"href":"https:\/\/karczmahalit.pl\/index.php\/wp-json\/wp\/v2\/pages\/2297"}],"wp:featuredmedia":[{"embeddable":true,"href":"https:\/\/karczmahalit.pl\/index.php\/wp-json\/wp\/v2\/media\/13171"}],"wp:attachment":[{"href":"https:\/\/karczmahalit.pl\/index.php\/wp-json\/wp\/v2\/media?parent=13295"}],"curies":[{"name":"wp","href":"https:\/\/api.w.org\/{rel}","templated":true}]}}