{"id":13289,"date":"2023-12-30T11:38:14","date_gmt":"2023-12-30T11:38:14","guid":{"rendered":"https:\/\/karczmahalit.pl\/?page_id=13289"},"modified":"2025-01-13T10:18:18","modified_gmt":"2025-01-13T10:18:18","slug":"posiady-wielickie","status":"publish","type":"page","link":"https:\/\/karczmahalit.pl\/index.php\/karczma-halit\/posiady-wielickie\/","title":{"rendered":"Posiady wielickie"},"content":{"rendered":"\n<p>Zapraszamy w niezwyk\u0142\u0105 kulinarn\u0105 podr\u00f3\u017c. Dzi\u0119ki tradycyjnym przepisom przypomnimy staropolsk\u0105 kuchni\u0119 bogat\u0105 w smaki i aromaty. <br>A skoro jeste\u015bmy w Wieliczce, to w naszych potrawach nie zabraknie soli, w kt\u00f3rej pieczemy mi\u0119sa, i kt\u00f3r\u0105 dodajemy tak\u017ce do s\u0142odkich deser\u00f3w.<\/p>\n\n\n\n<div style=\"height:20px\" aria-hidden=\"true\" class=\"wp-block-spacer\"><\/div>\n\n\n\n\t<section id=\"section-gallery-mb-block-a9b99af9-d24b-46ea-9458-0971f4bb0f5e\" class=\"section section-gallery  \">\n\n\t\t<div class=\"gallery-wrap six\">\n\t\t\t\t\t<div class=\"gallery-images-masonry \">\n\n\t\t\t\t<div class=\"grid-sizer-gallery\"><\/div>\n\t\t\t\t\n\t\t\t\t\t\t<div class=\"gallery-image-wrap quarter uncropped\" data-aos=\"fade-up\" data-aos-delay=\"100\"  >\n\n\t\t\t\t\t\t\t<div class=\"gallery-image-wrap-inner\">\n\n\t\t\t\t\t\t\t\t\t\t\t\t\t\t\t\t\t<a href=\"https:\/\/karczmahalit.pl\/wp-content\/uploads\/2024\/01\/posiady2-800x1200.jpg\" class=\"links_to_image\" \">\n\t\t\t\t\t\t\t\t\t\t\t\t    \t\n\t\t\t\t\t\t\t\t\t<div class=\"gallery-image\" style=\"background-image: url(https:\/\/karczmahalit.pl\/wp-content\/uploads\/2024\/01\/posiady2-800x1200.jpg);\"><\/div>\n\n\t\t\t\t\t\t\t\t\t\n\t\t\t\t\t\t\t\t\t\t\t\t\t\t\t\t\t<\/a>\n\t\t\t\t\t\t\t\t\n\t\t\t\t\t\t\t<\/div>\n\t\t   \t \n\t\t\t\t\t\t<\/div>\n\t\t\t\t\t\t\n\t\t\t\t\n\t\t\t\n\t\t\t\t\t\t<div class=\"gallery-image-wrap half-width half-height\" data-aos=\"fade-up\" data-aos-delay=\"100\"  >\n\n\t\t\t\t\t\t\t<div class=\"gallery-image-wrap-inner\">\n\n\t\t\t\t\t\t\t\t\t\t\t\t\t\t\t\t\t<a href=\"https:\/\/karczmahalit.pl\/wp-content\/uploads\/2024\/01\/posiady3.jpg\" class=\"links_to_image\" \">\n\t\t\t\t\t\t\t\t\t\t\t\t    \t\n\t\t\t\t\t\t\t\t\t<div class=\"gallery-image\" style=\"background-image: url(https:\/\/karczmahalit.pl\/wp-content\/uploads\/2024\/01\/posiady3.jpg);\"><\/div>\n\n\t\t\t\t\t\t\t\t\t\n\t\t\t\t\t\t\t\t\t\t\t\t\t\t\t\t\t<\/a>\n\t\t\t\t\t\t\t\t\n\t\t\t\t\t\t\t<\/div>\n\t\t   \t \n\t\t\t\t\t\t<\/div>\n\t\t\t\t\t\t\n\t\t\t\t\n\t\t\t\n\t\t\t\t\t\t<div class=\"gallery-image-wrap quarter uncropped\" data-aos=\"fade-up\" data-aos-delay=\"100\"  >\n\n\t\t\t\t\t\t\t<div class=\"gallery-image-wrap-inner\">\n\n\t\t\t\t\t\t\t\t\t\t\t\t\t\t\t\t\t<a href=\"https:\/\/karczmahalit.pl\/wp-content\/uploads\/2024\/01\/posiady1-800x1200.jpg\" class=\"links_to_image\" \">\n\t\t\t\t\t\t\t\t\t\t\t\t    \t\n\t\t\t\t\t\t\t\t\t<div class=\"gallery-image\" style=\"background-image: url(https:\/\/karczmahalit.pl\/wp-content\/uploads\/2024\/01\/posiady1-800x1200.jpg);\"><\/div>\n\n\t\t\t\t\t\t\t\t\t\n\t\t\t\t\t\t\t\t\t\t\t\t\t\t\t\t\t<\/a>\n\t\t\t\t\t\t\t\t\n\t\t\t\t\t\t\t<\/div>\n\t\t   \t \n\t\t\t\t\t\t<\/div>\n\t\t\t\t\t\t\n\t\t\t\t\n\t\t\t\t\t\t<\/div>\n\t\t\t\t<\/div>\n\t<\/section> \n\n\n\n<div style=\"height:50px\" aria-hidden=\"true\" class=\"wp-block-spacer\"><\/div>\n\n\n\n<h3 class=\"wp-block-heading has-text-align-center\"><strong>Menu I<\/strong><\/h3>\n\n\n\n<h4 class=\"wp-block-heading has-text-align-center\">Woda niegazowana w cenie<\/h4>\n\n\n\n<p class=\"has-text-align-center\"><strong>Polewki<\/strong> \/ Zupy<\/p>\n\n\n\n<ul class=\"wp-block-list\">\n<li><strong>Rozsolanka<\/strong> (tradycyjny ros\u00f3\u0142 z makaronem)<\/li>\n\n\n\n<li><strong>\u017burek wielicki <\/strong> (\u017curek na bazie zakwasu z w\u0119dzonymi w\u0119dlinami, jajkami i tartym chrzanem)\u00a0<\/li>\n<\/ul>\n\n\n\n<p class=\"has-text-align-center\"><strong>PoSiady Wielickie<\/strong> \/ Dania g\u0142\u00f3wne<\/p>\n\n\n\n<ul class=\"wp-block-list\">\n<li><strong>Schaboszczak g\u00f3rniczy<\/strong> (staropolski kotlet schabowy, t\u0142uczone ziemniaki i sur\u00f3wka)<\/li>\n\n\n\n<li><strong>Odrobina z kurnika<\/strong> (kotlet drobiowy, t\u0142uczone ziemniaki i sur\u00f3wka)<\/li>\n<\/ul>\n\n\n\n\t<div id=\"divider-mb-block-f6c21dfa-cb6a-4ad6-84e6-a1bb34964ea3\" class=\"divider-block divider-center divider-horizontal\"><\/div>\n\n\n\n\n<h3 class=\"wp-block-heading has-text-align-center\"><strong>Menu II<\/strong><\/h3>\n\n\n\n<h4 class=\"wp-block-heading has-text-align-center\">Woda niegazowana w cenie<\/h4>\n\n\n\n<p class=\"has-text-align-center\"><strong>Napoje:<\/strong><\/p>\n\n\n\n<ul class=\"wp-block-list\">\n<li>Kawa czarna \/ bia\u0142a lub herbata &#8211; bufet<\/li>\n<\/ul>\n\n\n\n<p class=\"has-text-align-center\"><strong>Polewki <\/strong>\/ Zupy<\/p>\n\n\n\n<ul class=\"wp-block-list\">\n<li><strong>Rozsolanka <\/strong>(tradycyjny ros\u00f3\u0142 z makaronem)<\/li>\n\n\n\n<li><strong>\u017burek wielicki <\/strong> (\u017curek na bazie zakwasu z w\u0119dzonymi w\u0119dlinami, jajkami i tartym chrzanem, podawany z chlebem)\u00a0<\/li>\n\n\n\n<li><strong>Rubin g\u00f3rnika<\/strong> (barszcz czerwony z uszkami)<\/li>\n<\/ul>\n\n\n\n<p class=\"has-text-align-center\"><strong>PoSiady Wielickie<\/strong> \/ Dania g\u0142\u00f3wne<\/p>\n\n\n\n<ul class=\"wp-block-list\">\n<li><strong>Micha sztygara<\/strong> (12 sztuk pierog\u00f3w z r\u00f3\u017cnym nadzieniem)<\/li>\n\n\n\n<li><strong>Schaboszczak g\u00f3rniczy<\/strong> (staropolski kotlet schabowy, t\u0142uczone ziemniaki i sur\u00f3wka)<\/li>\n\n\n\n<li><strong>Odrobina z kurnika<\/strong> (kotlet drobiowy, t\u0142uczone ziemniaki i sur\u00f3wka)<\/li>\n\n\n\n<li><strong>Go\u0142\u0119bice wielickie<\/strong> (go\u0142\u0105bki z mi\u0119sem i ry\u017cem podawane z sosem grzybowym z boczniakami lub sosem pomidorowym z warzywami i Parmiggiano DOP)<\/li>\n<\/ul>\n\n\n\n<p class=\"has-text-align-center\"><strong>S\u0142odKo\u015bci <\/strong>\/ Desery<\/p>\n\n\n\n<ul class=\"wp-block-list\">\n<li><strong>Deser sztygara<\/strong> (jab\u0142ecznik wielicki czyli jab\u0142ka w ucieranym cie\u015bcie)<\/li>\n<\/ul>\n\n\n\n\t<div id=\"divider-mb-block-8a39a87f-f9cd-46cc-9d4c-f52cf44b6b0d\" class=\"divider-block divider-center divider-horizontal\"><\/div>\n\n\n\n\n<h3 class=\"wp-block-heading has-text-align-center\"><strong>Menu III<\/strong><\/h3>\n\n\n\n<h4 class=\"wp-block-heading has-text-align-center\">Woda niegazowana oraz pieczywo w cenie<\/h4>\n\n\n\n<p class=\"has-text-align-center\"><strong>Napoje:<\/strong><\/p>\n\n\n\n<ul class=\"wp-block-list\">\n<li>Kawa czarna \/ bia\u0142a lub herbata &#8211; bufet<\/li>\n<\/ul>\n\n\n\n<p class=\"has-text-align-center\"><strong>Polewki <\/strong>\/ Zupy<\/p>\n\n\n\n<ul class=\"wp-block-list\">\n<li><strong>Rozsolanka<\/strong> (tradycyjny ros\u00f3\u0142 z makaronem)<\/li>\n\n\n\n<li><strong>Polewka grzybowa<\/strong> (zupa podawana w talerzu z pieczywem \/ w czarce chlebowej za dop\u0142at\u0105)<\/li>\n\n\n\n<li><strong>Polewka piwna<\/strong> (zupa podawana z w\u0119dzonym twarogiem i boczkiem)<\/li>\n\n\n\n<li><strong>\u017burek wielicki <\/strong> (\u017curek na bazie zakwasu z w\u0119dzonymi w\u0119dlinami, jajkami i tartym chrzanem, podawany z pieczywem \/ w czarce chlebowej za dop\u0142at\u0105)\u00a0<\/li>\n<\/ul>\n\n\n\n<p class=\"has-text-align-center\"><strong>PoSiady Wielickie <\/strong>\/ Dania g\u0142\u00f3wne<\/p>\n\n\n\n<ul class=\"wp-block-list\">\n<li><strong>Schaboszczak g\u00f3rniczy<\/strong> (staropolski kotlet schabowy, t\u0142uczone ziemniaki i kapusta zasma\u017cana)<\/li>\n\n\n\n<li><strong>Kap\u0142onowa n\u00f3\u017cka<\/strong> (udko z kurczaka podane z opiekanymi \u0107wiartkami ziemniak\u00f3w oraz sur\u00f3wk\u0105 z bia\u0142ej kapusty z dodatkiem marchewki, \u015bmietany i majonezu)<\/li>\n\n\n\n<li><strong>G\u00f3rnicza sie\u0107<\/strong> (ryba w chrupi\u0105cej, s\u0142onawej krakersowej panierce podana z frytkami i mixem sa\u0142at)<\/li>\n\n\n\n<li><strong>Stek wielicki<\/strong> (karczek marynowany w solance podawany z dukatami &#8211; opiekanymi ziemniakami oraz sur\u00f3wk\u0105 z czerwonej kapusty)<\/li>\n<\/ul>\n\n\n\n<p class=\"has-text-align-center\"><strong>S\u0142odKo\u015bci <\/strong>\/ Desery<\/p>\n\n\n\n<ul class=\"wp-block-list\">\n<li><strong>Lody<\/strong> z owocami i bit\u0105 \u015bmietan\u0105<\/li>\n\n\n\n<li><strong>Fondant<\/strong> czekoladowy z ga\u0142k\u0105 lod\u00f3w<\/li>\n\n\n\n<li><strong>Deser \u015bw. Kingi<\/strong> (s\u0142odka kopia oczka pier\u015bcienia kr\u00f3lowej na kruchym cie\u015bcie, z serkiem, bia\u0142\u0105 czekolad\u0105, rubinowym \u017celem i solnymi orzeszkami)<\/li>\n\n\n\n<li><strong>Deser sztygara<\/strong> (jab\u0142ecznik wielicki czyli jab\u0142ka w ucieranym cie\u015bcie)<\/li>\n<\/ul>\n\n\n\n\t<div id=\"divider-mb-block-faee5d63-a8f7-45e1-860a-45990e889c98\" class=\"divider-block divider-center divider-horizontal\"><\/div>\n\n\n\n\n<h3 class=\"wp-block-heading has-text-align-center\"><strong>Menu IV<\/strong><\/h3>\n\n\n\n<h4 class=\"wp-block-heading has-text-align-center\">Woda niegazowana w cenie<br>Powitanie nalewk\u0105<\/h4>\n\n\n\n<p class=\"has-text-align-center\"><strong>Napoje:<\/strong><\/p>\n\n\n\n<ul class=\"wp-block-list\">\n<li>Kawa czarna \/ bia\u0142a lub herbata<\/li>\n\n\n\n<li>Kieliszek wina domu bia\u0142e \/ czerwone 100ml lub piwo lane 0,3l<\/li>\n<\/ul>\n\n\n\n<p class=\"has-text-align-center\"><strong>PrzeK\u0105skowe <\/strong>\/ Przystawki<\/p>\n\n\n\n<ul class=\"wp-block-list\">\n<li><strong>Smalczyk wielicki<\/strong> (smalec wytapiany ze s\u0142oniny i w\u0119dzonek z dodatkiem \u015bliwek podawany z pajd\u0105 chleba wypiekanego na miejscu oraz swojskim og\u00f3rkiem kiszonym)<\/li>\n\n\n\n<li><strong>G\u00f3rnicze marki<\/strong> (w\u0119dzony ser z rusztu z boczkiem i \u017curawin\u0105)<\/li>\n\n\n\n<li><strong>Pierogowe trojaczki<\/strong> (pierogi z r\u00f3\u017cnym nadzieniem)<\/li>\n\n\n\n<li><strong>Sa\u0142atka<\/strong> ze \u015bwie\u017cych warzyw z pra\u017conymi ziarnami<\/li>\n<\/ul>\n\n\n\n<p class=\"has-text-align-center\"><strong>Polewki <\/strong>\/ Zupy<\/p>\n\n\n\n<ul class=\"wp-block-list\">\n<li><strong>Polewka grzybowa<\/strong> (zupa w czarce chlebowej z sol\u0105 gruboziarnist\u0105)<\/li>\n\n\n\n<li><strong>Rozsolanka<\/strong> (tradycyjny ros\u00f3\u0142 z makaronem)<\/li>\n\n\n\n<li><strong>Polewka ziemniaczana<\/strong> (krem ziemniaczany na wywarze z bekonem)<\/li>\n\n\n\n<li><strong>\u017burek wielicki <\/strong> (\u017curek na bazie zakwasu z w\u0119dzonymi w\u0119dlinami, jajkami i tartym chrzanem, podawany w czarce chlebowej)\u00a0<\/li>\n<\/ul>\n\n\n\n<p class=\"has-text-align-center\"><strong>PoSiady Wielickie <\/strong>\/ Dania g\u0142\u00f3wne<\/p>\n\n\n\n<ul class=\"wp-block-list\">\n<li><strong>Kap\u0142on wielicki<\/strong> (w\u0119dzona pier\u015b z kurczaka w majeranku zapiekana w cie\u015bcie solnym podawana z dukatami &#8211; opiekanymi ziemniakami \u00a0oraz sur\u00f3wk\u0105 z bia\u0142ej kapusty)<\/li>\n\n\n\n<li><strong>Prosionka<\/strong> (szynka w\u0119dzona zapieczona w soli z sosem \u015bliwkowym podawana z kopytkami i sur\u00f3wk\u0105 z czerwonej kapusty)<\/li>\n\n\n\n<li><strong>Maczanka wielicka<\/strong> (d\u0142ugo pieczony karczek w sosie w\u0142asnym podawany na preclu)<\/li>\n\n\n\n<li><strong>Stek powro\u017anika <\/strong>(karczek marynowany w solance podawany z dukatami -opiekanymi ziemniakami oraz sur\u00f3wk\u0105 z kiszonej kapusty)&nbsp;<\/li>\n<\/ul>\n\n\n\n<p class=\"has-text-align-center\"><strong>S\u0142odKo\u015bci <\/strong>\/ Desery<\/p>\n\n\n\n<ul class=\"wp-block-list\">\n<li><strong>Deser zmarzni\u0119tego sztygara<\/strong> (lody z bit\u0105 \u015bmietan\u0105 i s\u0142onym karmelem)<\/li>\n\n\n\n<li><strong>Deser przodowego<\/strong> (domowa szarlotka z plastr\u00f3w jab\u0142ek zapiekanych w cie\u015bcie)<\/li>\n\n\n\n<li><strong>Fondant<\/strong> czekoladowy z ga\u0142k\u0105 lod\u00f3w<\/li>\n\n\n\n<li><strong>Deser \u015bw. Kingi<\/strong> (s\u0142odka kopia oczka pier\u015bcienia kr\u00f3lowej na kruchym cie\u015bcie, z serkiem, bia\u0142\u0105 czekolad\u0105, rubinowym \u017celem i solnymi orzeszkami)<\/li>\n<\/ul>\n\n\n\n\t<div id=\"divider-mb-block-2ed65e40-bf7f-4622-a61e-1b07ea9f2b84\" class=\"divider-block divider-center divider-horizontal\"><\/div>\n\n\n\n\n<h3 class=\"wp-block-heading has-text-align-center\"><strong>Propozycja wega\u0144ska \/ bezglutenowa<\/strong><\/h3>\n\n\n\n<p class=\"has-text-align-center\">(dla os\u00f3b z diet\u0105 jest serwowana zgodnie z wybranym zestawem 2-daniowym, 3-daniowym lub 4-daniowym)<\/p>\n\n\n\n<ul class=\"wp-block-list\">\n<li><strong>G\u00f3rniczy ogr\u00f3dek<\/strong> (warzywa z rusztu z pra\u017conymi ziarnami)<\/li>\n\n\n\n<li><strong>Polewka pomidorowa<\/strong><\/li>\n\n\n\n<li><strong>Gryka g\u00f3rnika<\/strong> (kasza gryczana po\u0142\u0105czona z w\u0119dzonym serem sojowym)<\/li>\n\n\n\n<li><strong>Woda po wielicku<\/strong> (mro\u017cony sok z owocami podany ze \u015bwie\u017c\u0105 mi\u0119t\u0105)<\/li>\n<\/ul>\n\n\n\n\t<div id=\"divider-mb-block-02bf123b-4496-43d3-bc11-5bf8784288e1\" class=\"divider-block divider-center divider-horizontal\"><\/div>\n\n\n\n\n<p class=\"has-text-align-left\"><strong><em>Zgodnie z nasz\u0105 wielick\u0105 go\u015bcinno\u015bci\u0105 &#8211; pilot otrzymuje posi\u0142ek gratis.<\/em><\/strong><\/p>\n\n\n\n<p class=\"has-text-align-left\">W przypadku alergii na niekt\u00f3re produkty, Kucharz sporz\u0105dzi dania na specjalne zam\u00f3wienie (wycena indywidualna).<\/p>\n\n\n\n<p class=\"has-text-align-left\">Ostateczn\u0105 liczb\u0119 os\u00f3b w grupie nale\u017cy poda\u0107 do 48h przed dat\u0105 rezerwacji. Jest to liczba os\u00f3b, za kt\u00f3r\u0105 Organizator pokrywa koszty nawet pod ich nieobecno\u015b\u0107.<\/p>\n\n\n\n<p class=\"has-text-align-left\">Ceny mog\u0105 ulec zmianie tylko w przypadku zmiany czynnik\u00f3w cenotw\u00f3rczych niezale\u017cnych od restauracji.<\/p>\n\n\n\n<h4 class=\"wp-block-heading has-text-align-center\">Dodatkowe propozycje w cenie do uzgodnienia:<\/h4>\n\n\n\n<ul class=\"wp-block-list\">\n<li>obs\u0142uga w strojach Karczmy Halit &#8211; Kuchnia Wielicka,<\/li>\n\n\n\n<li>staropolskie powitanie chlebem, sol\u0105 oraz kieliszkiem w\u00f3dki,<\/li>\n\n\n\n<li>muzyka na \u017cywo, kt\u00f3ra nie pozwoli zbyt d\u0142ugo siedzie\u0107 przy stole,<\/li>\n\n\n\n<li>szczypta folkloru: taneczny wyst\u0119p, kt\u00f3ry przybli\u017cy tradycje regionu,<\/li>\n\n\n\n<li>warsztaty lepienia pierog\u00f3w, czyli pyszne kulinarne wyzwanie,<\/li>\n\n\n\n<li>pokaz zdj\u0119\u0107 lub film\u00f3w na du\u017cym ekranie,<\/li>\n\n\n\n<li>pokaz barma\u0144ski i open bar, czyli kunszt i jego efekty,<\/li>\n\n\n\n<li>animacje dla dzieci \u2013 najm\u0142odsi Go\u015bcie b\u0119d\u0105 zachwyceni!<\/li>\n\n\n\n<li>s\u0142odki st\u00f3\u0142 pe\u0142en pokus nie do odparcia,<\/li>\n\n\n\n<li>wiejski st\u00f3\u0142 z regionalnymi przysmakami,<\/li>\n\n\n\n<li>dodatkowe dekoracje wed\u0142ug pomys\u0142\u00f3w i \u017cycze\u0144 Go\u015bcia,<\/li>\n\n\n\n<li>inne \u2013 po uzgodnieniu z opiekunem przyj\u0119cia.<\/li>\n<\/ul>\n\n\n\n<h4 class=\"wp-block-heading has-text-align-center\">Udogodnienia. Karczma Halit Kuchnia Wielicka:<\/h4>\n\n\n\n<ul class=\"wp-block-list\">\n<li>jest przystosowana do potrzeb go\u015bci niepe\u0142nosprawnych,<\/li>\n\n\n\n<li>posiada foteliki do karmienia dzieci, mo\u017ce r\u00f3wnie\u017c przygotowa\u0107 dla mam i maluch\u00f3w osobne miejsce do karmienia z wygodnym fotelem i parawanem,<\/li>\n\n\n\n<li>dysponuje parkingiem z miejscem dla os\u00f3b niepe\u0142nosprawnych.<\/li>\n<\/ul>\n","protected":false},"excerpt":{"rendered":"Zapraszamy w niezwyk\u0142\u0105 kulinarn\u0105 podr\u00f3\u017c. Dzi\u0119ki tradycyjnym przepisom przypomnimy staropolsk\u0105 kuchni\u0119 bogat\u0105","protected":false},"author":1,"featured_media":13174,"parent":2297,"menu_order":0,"comment_status":"closed","ping_status":"closed","template":"","meta":{"footnotes":""},"class_list":["post-13289","page","type-page","status-publish","has-post-thumbnail","hentry"],"_links":{"self":[{"href":"https:\/\/karczmahalit.pl\/index.php\/wp-json\/wp\/v2\/pages\/13289","targetHints":{"allow":["GET"]}}],"collection":[{"href":"https:\/\/karczmahalit.pl\/index.php\/wp-json\/wp\/v2\/pages"}],"about":[{"href":"https:\/\/karczmahalit.pl\/index.php\/wp-json\/wp\/v2\/types\/page"}],"author":[{"embeddable":true,"href":"https:\/\/karczmahalit.pl\/index.php\/wp-json\/wp\/v2\/users\/1"}],"replies":[{"embeddable":true,"href":"https:\/\/karczmahalit.pl\/index.php\/wp-json\/wp\/v2\/comments?post=13289"}],"version-history":[{"count":10,"href":"https:\/\/karczmahalit.pl\/index.php\/wp-json\/wp\/v2\/pages\/13289\/revisions"}],"predecessor-version":[{"id":13672,"href":"https:\/\/karczmahalit.pl\/index.php\/wp-json\/wp\/v2\/pages\/13289\/revisions\/13672"}],"up":[{"embeddable":true,"href":"https:\/\/karczmahalit.pl\/index.php\/wp-json\/wp\/v2\/pages\/2297"}],"wp:featuredmedia":[{"embeddable":true,"href":"https:\/\/karczmahalit.pl\/index.php\/wp-json\/wp\/v2\/media\/13174"}],"wp:attachment":[{"href":"https:\/\/karczmahalit.pl\/index.php\/wp-json\/wp\/v2\/media?parent=13289"}],"curies":[{"name":"wp","href":"https:\/\/api.w.org\/{rel}","templated":true}]}}