{"id":13284,"date":"2023-12-30T11:36:19","date_gmt":"2023-12-30T11:36:19","guid":{"rendered":"https:\/\/karczmahalit.pl\/?page_id=13284"},"modified":"2024-02-07T14:57:06","modified_gmt":"2024-02-07T14:57:06","slug":"imprezy-okolicznosciowe","status":"publish","type":"page","link":"https:\/\/karczmahalit.pl\/index.php\/karczma-halit\/imprezy-okolicznosciowe\/","title":{"rendered":"Spotkania okoliczno\u015bciowe"},"content":{"rendered":"\n<p>Karczma Halit Kuchnia Wielicka to doskona\u0142e miejsce do zorganizowania spotkania \u2013 od kameralnej uroczysto\u015bci w gronie najbli\u017cszych, po zabaw\u0119 z muzyk\u0105 i przytupem do bia\u0142ego rana. Tradycyjny wystr\u00f3j restauracji, wy\u015bmienita regionalna kuchnia i profesjonalna obs\u0142uga gwarantuj\u0105 niezapomnian\u0105 biesiad\u0119 w cudownym rustykalnym klimacie.<\/p>\n\n\n\n<div style=\"height:20px\" aria-hidden=\"true\" class=\"wp-block-spacer\"><\/div>\n\n\n\n\t<section id=\"section-gallery-mb-block-43b0468d-7e16-4a64-9ef0-8539ae2567fd\" class=\"section section-gallery  \">\n\n\t\t<div class=\"gallery-wrap six\">\n\t\t\t\t\t<div class=\"gallery-images-masonry \">\n\n\t\t\t\t<div class=\"grid-sizer-gallery\"><\/div>\n\t\t\t\t\n\t\t\t\t\t\t<div class=\"gallery-image-wrap quarter uncropped\" data-aos=\"fade-up\" data-aos-delay=\"100\"  >\n\n\t\t\t\t\t\t\t<div class=\"gallery-image-wrap-inner\">\n\n\t\t\t\t\t\t\t\t\t\t\t\t\t\t\t\t\t<a href=\"https:\/\/karczmahalit.pl\/wp-content\/uploads\/2023\/12\/imprezy3-800x1200.jpg\" class=\"links_to_image\" \">\n\t\t\t\t\t\t\t\t\t\t\t\t    \t\n\t\t\t\t\t\t\t\t\t<div class=\"gallery-image\" style=\"background-image: url(https:\/\/karczmahalit.pl\/wp-content\/uploads\/2023\/12\/imprezy3-800x1200.jpg);\"><\/div>\n\n\t\t\t\t\t\t\t\t\t\n\t\t\t\t\t\t\t\t\t\t\t\t\t\t\t\t\t<\/a>\n\t\t\t\t\t\t\t\t\n\t\t\t\t\t\t\t<\/div>\n\t\t   \t \n\t\t\t\t\t\t<\/div>\n\t\t\t\t\t\t\n\t\t\t\t\n\t\t\t\n\t\t\t\t\t\t<div class=\"gallery-image-wrap half-width half-height\" data-aos=\"fade-up\" data-aos-delay=\"100\"  >\n\n\t\t\t\t\t\t\t<div class=\"gallery-image-wrap-inner\">\n\n\t\t\t\t\t\t\t\t\t\t\t\t\t\t\t\t\t<a href=\"https:\/\/karczmahalit.pl\/wp-content\/uploads\/2023\/12\/imprezy2.jpg\" class=\"links_to_image\" \">\n\t\t\t\t\t\t\t\t\t\t\t\t    \t\n\t\t\t\t\t\t\t\t\t<div class=\"gallery-image\" style=\"background-image: url(https:\/\/karczmahalit.pl\/wp-content\/uploads\/2023\/12\/imprezy2.jpg);\"><\/div>\n\n\t\t\t\t\t\t\t\t\t\n\t\t\t\t\t\t\t\t\t\t\t\t\t\t\t\t\t<\/a>\n\t\t\t\t\t\t\t\t\n\t\t\t\t\t\t\t<\/div>\n\t\t   \t \n\t\t\t\t\t\t<\/div>\n\t\t\t\t\t\t\n\t\t\t\t\n\t\t\t\n\t\t\t\t\t\t<div class=\"gallery-image-wrap quarter uncropped\" data-aos=\"fade-up\" data-aos-delay=\"100\"  >\n\n\t\t\t\t\t\t\t<div class=\"gallery-image-wrap-inner\">\n\n\t\t\t\t\t\t\t\t\t\t\t\t\t\t\t\t\t<a href=\"https:\/\/karczmahalit.pl\/wp-content\/uploads\/2023\/12\/imprezy1-800x533.jpg\" class=\"links_to_image\" \">\n\t\t\t\t\t\t\t\t\t\t\t\t    \t\n\t\t\t\t\t\t\t\t\t<div class=\"gallery-image\" style=\"background-image: url(https:\/\/karczmahalit.pl\/wp-content\/uploads\/2023\/12\/imprezy1-800x533.jpg);\"><\/div>\n\n\t\t\t\t\t\t\t\t\t\n\t\t\t\t\t\t\t\t\t\t\t\t\t\t\t\t\t<\/a>\n\t\t\t\t\t\t\t\t\n\t\t\t\t\t\t\t<\/div>\n\t\t   \t \n\t\t\t\t\t\t<\/div>\n\t\t\t\t\t\t\n\t\t\t\t\n\t\t\t\t\t\t<\/div>\n\t\t\t\t<\/div>\n\t<\/section> \n\n\n\n<div style=\"height:50px\" aria-hidden=\"true\" class=\"wp-block-spacer\"><\/div>\n\n\n\n<p>W Karczmie Halit Kuchni Wielickiej podejmiemy do 150 Go\u015bci jednocze\u015bnie. Zorganizujemy wesele z ta\u0144cami dla 80 Go\u015bci. Karczma zaprasza do trzech sal: Kuchni wielickiej, Bogdzi\u0144skich, G\u00f3rniczej.<\/p>\n\n\n\n<p>Karczma Halit Kuchnia Wielicka z przyjemno\u015bci\u0105 zorganizuje wszelkie przyj\u0119cia okoliczno\u015bciowe, m.in.:<\/p>\n\n\n\n<ul class=\"wp-block-list\">\n<li>chrzciny,<\/li>\n\n\n\n<li>komuni\u0119,<\/li>\n\n\n\n<li>wiecz\u00f3r panie\u0144ski,<\/li>\n\n\n\n<li>wiecz\u00f3r kawalerski,<\/li>\n\n\n\n<li>wesele.<a href=\"https:\/\/www.weselezklasa.pl\/ogloszenia-weselne\/karczma-halit,37065\/\" target=\"_blank\" rel=\"noreferrer noopener\"><img loading=\"lazy\" decoding=\"async\" width=\"64\" height=\"64\" class=\"wp-image-13602\" style=\"width: 64px;\" src=\"https:\/\/karczmahalit.pl\/wp-content\/uploads\/2024\/02\/logowesele-z-klasa.png\" alt=\"\"><\/a><\/li>\n<\/ul>\n\n\n\n<p>W Halicie warto \u015bwi\u0119towa\u0107 z rozmachem, warto te\u017c rozwa\u017cy\u0107 rezerwacj\u0119 stolika na nieco bardziej kameralne spotkanie, np.:<\/p>\n\n\n\n<ul class=\"wp-block-list\">\n<li>urodziny,<\/li>\n\n\n\n<li>imieniny,<\/li>\n\n\n\n<li>jubileusz,<\/li>\n\n\n\n<li>rocznic\u0119,<\/li>\n\n\n\n<li>spotkanie wigilijne,<\/li>\n\n\n\n<li>spotkanie firmowe.<\/li>\n<\/ul>\n\n\n\n<p>Obs\u0142uga Karczmy Halit s\u0142u\u017cy profesjonaln\u0105 pomoc\u0105, fachow\u0105 rad\u0105 i wszelkim wsparciem przy organizacji spotka\u0144 o r\u00f3\u017cnorakim charakterze. Szef kuchni zagwarantuje menu, kt\u00f3re zaspokoi nawet najbardziej wybrednych Go\u015bci. Chwile sp\u0119dzone w Karczmie Halit b\u0119d\u0105 radosne i niezapomniane.<\/p>\n\n\n\n<p>Dla grupy powy\u017cej 10 os\u00f3b z ujednoliconym menu opr\u00f3cz Go\u015bci wymagaj\u0105cych specjalnej diety potrawy serwujemy w wazach oraz na p\u00f3\u0142miskach i podajemy do g\u0142\u00f3wnego sto\u0142u biesiadnego.<\/p>\n\n\n\n<p>Halit zapewnia:<\/p>\n\n\n\n<ul class=\"wp-block-list\">\n<li>opiekuna przyj\u0119cia, kt\u00f3ry jako wytrawny menad\u017cer trzyma piecz\u0119 nad ca\u0142o\u015bci\u0105 przedsi\u0119wzi\u0119cia,<\/li>\n\n\n\n<li>indywidualny serwis,<\/li>\n\n\n\n<li>dekoracj\u0119 sto\u0142u oraz kompozycje kwiatowe,<\/li>\n\n\n\n<li>k\u0105cik dla dzieci, w kt\u00f3rym najm\u0142odsi Go\u015bcie na pewno nie b\u0119d\u0105 si\u0119 nudzi\u0107,<\/li>\n\n\n\n<li>darmowy parking z miejscami dla os\u00f3b niepe\u0142nosprawnych.<\/li>\n<\/ul>\n\n\n\n<p>W\u015br\u00f3d dodatkowych propozycji (cena do uzgodnienia) s\u0105:<\/p>\n\n\n\n<ul class=\"wp-block-list\">\n<li>DJ z muzyk\u0105 na \u017cywo, kt\u00f3ry poderwie do ta\u0144ca nawet zatwardzia\u0142ego \u0142asucha,<\/li>\n\n\n\n<li>pokaz zdj\u0119\u0107 b\u0105d\u017a film\u00f3w prezentowany na du\u017cym ekranie,<\/li>\n\n\n\n<li>godny wirtuoza pokaz barma\u0144ski oraz open bar,<\/li>\n\n\n\n<li>animacje dla dzieci, dzi\u0119ki kt\u00f3rym najm\u0142odsi Go\u015bcie nie b\u0119d\u0105 narzeka\u0107 na t\u0119 powa\u017cn\u0105 imprez\u0119 \u201edla doros\u0142ych\u201d,<\/li>\n\n\n\n<li>s\u0142odki lub wiejski st\u00f3\u0142 pe\u0142en kusz\u0105cych przysmak\u00f3w,<\/li>\n\n\n\n<li>dodatkowe dekoracje wedle \u017cycze\u0144 i sugestii Go\u015bcia,<\/li>\n\n\n\n<li>\u015bcianka (ko\u0142o balonowe) do robienia pami\u0105tkowych zdj\u0119\u0107,<\/li>\n\n\n\n<li>inne atrakcje uzgodnione z opiekunem przyj\u0119cia.<\/li>\n<\/ul>\n\n\n\n<p>Karczma Halit Kuchnia Wielicka jest:<\/p>\n\n\n\n<ul class=\"wp-block-list\">\n<li>przystosowana do potrzeb go\u015bci niepe\u0142nosprawnych,<\/li>\n\n\n\n<li>przygotowana do przyj\u0119cia mam karmi\u0105cych, tak\u017ce piersi\u0105 (do dyspozycji specjalny fotel i parawan),<\/li>\n\n\n\n<li>po\u0142o\u017cona w s\u0105siedztwie Kopalni Soli, Alei Jana Paw\u0142a II, prowadz\u0105cej do Zamku \u017bupnego i ko\u015bcio\u0142a \u015bw. Klemensa.<\/li>\n<\/ul>\n","protected":false},"excerpt":{"rendered":"Karczma Halit Kuchnia Wielicka to doskona\u0142e miejsce do zorganizowania spotkania \u2013 od","protected":false},"author":1,"featured_media":13329,"parent":2297,"menu_order":0,"comment_status":"closed","ping_status":"closed","template":"","meta":{"footnotes":""},"class_list":["post-13284","page","type-page","status-publish","has-post-thumbnail","hentry"],"_links":{"self":[{"href":"https:\/\/karczmahalit.pl\/index.php\/wp-json\/wp\/v2\/pages\/13284","targetHints":{"allow":["GET"]}}],"collection":[{"href":"https:\/\/karczmahalit.pl\/index.php\/wp-json\/wp\/v2\/pages"}],"about":[{"href":"https:\/\/karczmahalit.pl\/index.php\/wp-json\/wp\/v2\/types\/page"}],"author":[{"embeddable":true,"href":"https:\/\/karczmahalit.pl\/index.php\/wp-json\/wp\/v2\/users\/1"}],"replies":[{"embeddable":true,"href":"https:\/\/karczmahalit.pl\/index.php\/wp-json\/wp\/v2\/comments?post=13284"}],"version-history":[{"count":17,"href":"https:\/\/karczmahalit.pl\/index.php\/wp-json\/wp\/v2\/pages\/13284\/revisions"}],"predecessor-version":[{"id":13611,"href":"https:\/\/karczmahalit.pl\/index.php\/wp-json\/wp\/v2\/pages\/13284\/revisions\/13611"}],"up":[{"embeddable":true,"href":"https:\/\/karczmahalit.pl\/index.php\/wp-json\/wp\/v2\/pages\/2297"}],"wp:featuredmedia":[{"embeddable":true,"href":"https:\/\/karczmahalit.pl\/index.php\/wp-json\/wp\/v2\/media\/13329"}],"wp:attachment":[{"href":"https:\/\/karczmahalit.pl\/index.php\/wp-json\/wp\/v2\/media?parent=13284"}],"curies":[{"name":"wp","href":"https:\/\/api.w.org\/{rel}","templated":true}]}}